{"id":1269,"date":"2024-09-18T11:21:24","date_gmt":"2024-09-18T09:21:24","guid":{"rendered":"https:\/\/szabo.co.at\/produkty\/"},"modified":"2024-11-29T17:43:40","modified_gmt":"2024-11-29T16:43:40","slug":"produkty","status":"publish","type":"page","link":"https:\/\/szabo.co.at\/sk\/produkty\/","title":{"rendered":"Produkty"},"content":{"rendered":"\t\t<div data-elementor-type=\"wp-page\" data-elementor-id=\"1269\" class=\"elementor elementor-1269 elementor-168\" data-elementor-post-type=\"page\">\n\t\t\t\t<div class=\"elementor-element elementor-element-508bb43 e-flex e-con-boxed e-con e-parent\" data-id=\"508bb43\" data-element_type=\"container\">\n\t\t\t\t\t<div class=\"e-con-inner\">\n\t\t<div class=\"elementor-element elementor-element-8429041 e-con-full e-flex e-con e-child\" data-id=\"8429041\" data-element_type=\"container\">\n\t\t<div class=\"elementor-element elementor-element-b18634c e-con-full e-flex e-con e-child\" data-id=\"b18634c\" data-element_type=\"container\">\n\t\t\t\t<div class=\"elementor-element elementor-element-ba9d251 elementor-widget__width-initial elementor-widget elementor-widget-heading\" data-id=\"ba9d251\" data-element_type=\"widget\" data-widget_type=\"heading.default\">\n\t\t\t\t<div class=\"elementor-widget-container\">\n\t\t\t\t\t<h2 class=\"elementor-heading-title elementor-size-default\">Na\u0161e produkty<\/h2>\t\t\t\t<\/div>\n\t\t\t\t<\/div>\n\t\t\t\t<\/div>\n\t\t\t\t<\/div>\n\t\t<div class=\"elementor-element elementor-element-50a68cb e-con-full e-flex e-con e-child\" data-id=\"50a68cb\" data-element_type=\"container\">\n\t\t<div class=\"elementor-element elementor-element-968372f e-con-full e-flex e-con e-child\" data-id=\"968372f\" data-element_type=\"container\">\n\t\t\t\t<div class=\"elementor-element elementor-element-35681be elementor-cta--skin-cover elementor-widget elementor-widget-call-to-action\" data-id=\"35681be\" data-element_type=\"widget\" data-widget_type=\"call-to-action.default\">\n\t\t\t\t<div class=\"elementor-widget-container\">\n\t\t\t\t\t\t\t<div class=\"elementor-cta\">\n\t\t\t\t\t<div class=\"elementor-cta__bg-wrapper\">\n\t\t\t\t<div class=\"elementor-cta__bg elementor-bg\" style=\"background-image: url(https:\/\/szabo.co.at\/wp-content\/uploads\/2024\/11\/5-1.jpg);\" role=\"img\" aria-label=\"5\"><\/div>\n\t\t\t\t<div class=\"elementor-cta__bg-overlay\"><\/div>\n\t\t\t<\/div>\n\t\t\t\t\t\t\t<div class=\"elementor-cta__content\">\n\t\t\t\t\n\t\t\t\t\t\t\t\t\t<h2 class=\"elementor-cta__title elementor-cta__content-item elementor-content-item\">\n\t\t\t\t\t\tNEHOR\u013dAV\u00c9 DIELY PRE ELEKTROTECHNICK\u00dd PRIEMYSEL A MECHATRONIKU\t\t\t\t\t<\/h2>\n\t\t\t\t\n\t\t\t\t\t\t\t\t\t<div class=\"elementor-cta__description elementor-cta__content-item elementor-content-item\">\n\t\t\t\t\t\t<p>Vysokokvalitn\u00e9 nehor\u013eav\u00e9 komponenty pre maxim\u00e1lnu bezpe\u010dnos\u0165 a spo\u013eahlivos\u0165<\/p>\n\t\t\t\t\t<\/div>\n\t\t\t\t\n\t\t\t\t\t\t\t\t\t<div class=\"elementor-cta__button-wrapper elementor-cta__content-item elementor-content-item \">\n\t\t\t\t\t<a class=\"elementor-cta__button elementor-button elementor-size-\" href=\"https:\/\/szabo.co.at\/sk\/produkty\/ohnovzdorne-diely-pre-elektrotechnicky-priemysel-a-mechatroniku\/\">\n\t\t\t\t\t\tZistite viac\t\t\t\t\t<\/a>\n\t\t\t\t\t<\/div>\n\t\t\t\t\t\t\t<\/div>\n\t\t\t\t\t\t<\/div>\n\t\t\t\t\t\t<\/div>\n\t\t\t\t<\/div>\n\t\t\t\t<\/div>\n\t\t<div class=\"elementor-element elementor-element-e8bb6a9 e-con-full e-flex e-con e-child\" data-id=\"e8bb6a9\" data-element_type=\"container\">\n\t\t\t\t<div class=\"elementor-element elementor-element-a119cef elementor-cta--skin-cover elementor-widget elementor-widget-call-to-action\" data-id=\"a119cef\" data-element_type=\"widget\" data-widget_type=\"call-to-action.default\">\n\t\t\t\t<div class=\"elementor-widget-container\">\n\t\t\t\t\t\t\t<div class=\"elementor-cta\">\n\t\t\t\t\t<div class=\"elementor-cta__bg-wrapper\">\n\t\t\t\t<div class=\"elementor-cta__bg elementor-bg\" style=\"background-image: url(https:\/\/szabo.co.at\/wp-content\/uploads\/2024\/11\/4-1.jpg);\" role=\"img\" aria-label=\"4\"><\/div>\n\t\t\t\t<div class=\"elementor-cta__bg-overlay\"><\/div>\n\t\t\t<\/div>\n\t\t\t\t\t\t\t<div class=\"elementor-cta__content\">\n\t\t\t\t\n\t\t\t\t\t\t\t\t\t<h2 class=\"elementor-cta__title elementor-cta__content-item elementor-content-item\">\n\t\t\t\t\t\tVIDITE\u013dN\u00c9 \u010cASTI V KA\u017dDODENNOM \u017dIVOTE\t\t\t\t\t<\/h2>\n\t\t\t\t\n\t\t\t\t\t\t\t\t\t<div class=\"elementor-cta__description elementor-cta__content-item elementor-content-item\">\n\t\t\t\t\t\t<p>Vysokokvalitn\u00e9 plastov\u00e9 vidite\u013en\u00e9 diely pre n\u00e1ro\u010dn\u00e9 aplik\u00e1cie<\/p>\n\t\t\t\t\t<\/div>\n\t\t\t\t\n\t\t\t\t\t\t\t\t\t<div class=\"elementor-cta__button-wrapper elementor-cta__content-item elementor-content-item \">\n\t\t\t\t\t<a class=\"elementor-cta__button elementor-button elementor-size-\" href=\"https:\/\/szabo.co.at\/sk\/produkty\/viditelne-casti-v-kazdodennom-zivote\/\">\n\t\t\t\t\t\tZistite viac\t\t\t\t\t<\/a>\n\t\t\t\t\t<\/div>\n\t\t\t\t\t\t\t<\/div>\n\t\t\t\t\t\t<\/div>\n\t\t\t\t\t\t<\/div>\n\t\t\t\t<\/div>\n\t\t\t\t<\/div>\n\t\t<div class=\"elementor-element elementor-element-0e77a6e e-con-full e-flex e-con e-child\" data-id=\"0e77a6e\" data-element_type=\"container\">\n\t\t\t\t<div class=\"elementor-element elementor-element-53b3fec elementor-cta--skin-cover elementor-widget elementor-widget-call-to-action\" data-id=\"53b3fec\" data-element_type=\"widget\" data-widget_type=\"call-to-action.default\">\n\t\t\t\t<div class=\"elementor-widget-container\">\n\t\t\t\t\t\t\t<div class=\"elementor-cta\">\n\t\t\t\t\t<div class=\"elementor-cta__bg-wrapper\">\n\t\t\t\t<div class=\"elementor-cta__bg elementor-bg\" style=\"background-image: url(https:\/\/szabo.co.at\/wp-content\/uploads\/2024\/11\/1-2.jpg);\" role=\"img\" aria-label=\"1\"><\/div>\n\t\t\t\t<div class=\"elementor-cta__bg-overlay\"><\/div>\n\t\t\t<\/div>\n\t\t\t\t\t\t\t<div class=\"elementor-cta__content\">\n\t\t\t\t\n\t\t\t\t\t\t\t\t\t<h2 class=\"elementor-cta__title elementor-cta__content-item elementor-content-item\">\n\t\t\t\t\t\tMIKROVSTREKOVANIE\t\t\t\t\t<\/h2>\n\t\t\t\t\n\t\t\t\t\t\t\t\t\t<div class=\"elementor-cta__description elementor-cta__content-item elementor-content-item\">\n\t\t\t\t\t\t<p>Vysoko presn\u00e9 plastov\u00e9 diely pre n\u00e1ro\u010dn\u00e9 aplik\u00e1cie<\/p>\n\t\t\t\t\t<\/div>\n\t\t\t\t\n\t\t\t\t\t\t\t\t\t<div class=\"elementor-cta__button-wrapper elementor-cta__content-item elementor-content-item \">\n\t\t\t\t\t<a class=\"elementor-cta__button elementor-button elementor-size-\" href=\"https:\/\/szabo.co.at\/sk\/produkty\/mikrovstrekovanie\/\">\n\t\t\t\t\t\tZistite viac\t\t\t\t\t<\/a>\n\t\t\t\t\t<\/div>\n\t\t\t\t\t\t\t<\/div>\n\t\t\t\t\t\t<\/div>\n\t\t\t\t\t\t<\/div>\n\t\t\t\t<\/div>\n\t\t\t\t<\/div>\n\t\t\t\t<\/div>\n\t\t\t\t\t<\/div>\n\t\t\t\t<\/div>\n\t\t\t\t<\/div>\n\t\t","protected":false},"excerpt":{"rendered":"<p>Na\u0161e produkty NEHOR\u013dAV\u00c9 DIELY PRE ELEKTROTECHNICK\u00dd PRIEMYSEL A MECHATRONIKU Vysokokvalitn\u00e9 nehor\u013eav\u00e9 komponenty pre maxim\u00e1lnu bezpe\u010dnos\u0165 a spo\u013eahlivos\u0165 Zistite viac VIDITE\u013dN\u00c9 \u010cASTI V KA\u017dDODENNOM \u017dIVOTE Vysokokvalitn\u00e9 plastov\u00e9 vidite\u013en\u00e9 diely pre n\u00e1ro\u010dn\u00e9 aplik\u00e1cie Zistite viac MIKROVSTREKOVANIE Vysoko presn\u00e9 plastov\u00e9 diely pre n\u00e1ro\u010dn\u00e9 aplik\u00e1cie Zistite viac<\/p>\n","protected":false},"author":1,"featured_media":0,"parent":0,"menu_order":0,"comment_status":"closed","ping_status":"closed","template":"elementor_header_footer","meta":{"footnotes":""},"class_list":["post-1269","page","type-page","status-publish","hentry"],"_links":{"self":[{"href":"https:\/\/szabo.co.at\/sk\/wp-json\/wp\/v2\/pages\/1269","targetHints":{"allow":["GET"]}}],"collection":[{"href":"https:\/\/szabo.co.at\/sk\/wp-json\/wp\/v2\/pages"}],"about":[{"href":"https:\/\/szabo.co.at\/sk\/wp-json\/wp\/v2\/types\/page"}],"author":[{"embeddable":true,"href":"https:\/\/szabo.co.at\/sk\/wp-json\/wp\/v2\/users\/1"}],"replies":[{"embeddable":true,"href":"https:\/\/szabo.co.at\/sk\/wp-json\/wp\/v2\/comments?post=1269"}],"version-history":[{"count":6,"href":"https:\/\/szabo.co.at\/sk\/wp-json\/wp\/v2\/pages\/1269\/revisions"}],"predecessor-version":[{"id":1422,"href":"https:\/\/szabo.co.at\/sk\/wp-json\/wp\/v2\/pages\/1269\/revisions\/1422"}],"wp:attachment":[{"href":"https:\/\/szabo.co.at\/sk\/wp-json\/wp\/v2\/media?parent=1269"}],"curies":[{"name":"wp","href":"https:\/\/api.w.org\/{rel}","templated":true}]}}