{"id":1154,"date":"2024-09-18T11:19:14","date_gmt":"2024-09-18T11:19:14","guid":{"rendered":"https:\/\/szabo.co.at\/odtlacok\/"},"modified":"2024-11-26T12:53:23","modified_gmt":"2024-11-26T12:53:23","slug":"odtlacok","status":"publish","type":"page","link":"https:\/\/szabo.co.at\/sk\/odtlacok\/","title":{"rendered":"Odtla\u010dok"},"content":{"rendered":"\t\t<div data-elementor-type=\"wp-page\" data-elementor-id=\"1154\" class=\"elementor elementor-1154 elementor-157\" data-elementor-post-type=\"page\">\n\t\t\t\t<div class=\"elementor-element elementor-element-bfd2cd4 e-flex e-con-boxed e-con e-parent\" data-id=\"bfd2cd4\" data-element_type=\"container\" data-settings=\"{&quot;background_background&quot;:&quot;classic&quot;}\">\n\t\t\t\t\t<div class=\"e-con-inner\">\n\t\t\t\t<div class=\"elementor-element elementor-element-4935ce3 elementor-widget elementor-widget-heading\" data-id=\"4935ce3\" data-element_type=\"widget\" data-widget_type=\"heading.default\">\n\t\t\t\t<div class=\"elementor-widget-container\">\n\t\t\t\t\t<h2 class=\"elementor-heading-title elementor-size-default\">IMPRINT<\/h2>\t\t\t\t<\/div>\n\t\t\t\t<\/div>\n\t\t\t\t<div class=\"elementor-element elementor-element-a50fb69 elementor-widget__width-initial elementor-widget elementor-widget-text-editor\" data-id=\"a50fb69\" data-element_type=\"widget\" data-widget_type=\"text-editor.default\">\n\t\t\t\t<div class=\"elementor-widget-container\">\n\t\t\t\t\t\t\t\t\t<div class=\"elementor-element elementor-element-3f7793a elementor-widget elementor-widget-heading\" data-id=\"3f7793a\" data-element_type=\"widget\" data-widget_type=\"heading.default\">\n<div class=\"elementor-widget-container\"><strong><\/p>\n<p><\/strong><\/p>\n<p>S<strong>zabo Kunststofftechnik GmbH &amp; Co KG<\/strong>F\u00fcnfhaus 67 A-2293 Marchegg Tel.: +43 2285 \/ 72 55 &#8211; 0 Fax: +43 2285 \/ 72 55 &#8211; 10 Mobil: +43 664 392 75 50<strong><\/strong><\/div>\n<\/div>\n<div class=\"elementor-element elementor-element-dac5039 elementor-widget elementor-widget-text-editor\" data-id=\"dac5039\" data-element_type=\"widget\" data-widget_type=\"text-editor.default\">\n<div class=\"elementor-widget-container\">\n<p><strong><br \/>\u0160tefan Szabo<\/strong><\/p>\n<p>V\u00fdkonn\u00fd riadite\u013e Tel.: +43 664 392 75 50<\/p>\n<p>UID-NR.: ATU ATU77310278 FN: 564552z Okresn\u00fd s\u00fad G\u00e4nserndorf<\/p>\n<p><img decoding=\"async\" class=\"alignnone size-medium wp-image-146\" src=\"https:\/\/www.szabo.co.at\/wp-content\/uploads\/2021\/09\/wko_logo-300x93.jpeg\" alt=\"\" width=\"150\" height=\"93\"><\/p>\n<\/div>\n<\/div>\n<div class=\"elementor-element elementor-element-06899cb elementor-widget elementor-widget-heading\" data-id=\"06899cb\" data-element_type=\"widget\" data-widget_type=\"heading.default\">\n<div class=\"elementor-widget-container\">\n<p class=\"elementor-heading-title elementor-size-default\"><strong>PODMIENKY POU\u017dITIA<\/strong><\/p>\n<\/div>\n<\/div>\n<div class=\"elementor-element elementor-element-a01e642 elementor-widget elementor-widget-text-editor\" data-id=\"a01e642\" data-element_type=\"widget\" data-widget_type=\"text-editor.default\">\n<div class=\"elementor-widget-container\">\n<p>Obsah tejto webovej str\u00e1nky je vo\u013ene dostupn\u00fd a sl\u00fa\u017ei len na informa\u010dn\u00e9 \u00fa\u010dely. Pou\u017e\u00edvanie webovej str\u00e1nky nem\u00e1 za n\u00e1sledok \u017eiadne pr\u00e1vne \u00fakony medzi prev\u00e1dzkovate\u013eom webovej str\u00e1nky a pou\u017e\u00edvate\u013emi. <\/p>\n<p><strong>1. VYL\u00da\u010cENIE ZODPOVEDNOSTI<\/strong><\/p>\n<p>Napriek tomu, \u017ee str\u00e1nky boli vytvoren\u00e9 s maxim\u00e1lnou starostlivos\u0165ou, nie je mo\u017en\u00e9 zaru\u010di\u0165 bezpodmiene\u010dn\u00fa presnos\u0165, \u00faplnos\u0165 a aktu\u00e1lnos\u0165 poskytovan\u00fdch inform\u00e1ci\u00ed.<br \/>Prev\u00e1dzkovate\u013e webov\u00fdch str\u00e1nok sa sna\u017e\u00ed opravi\u0165 chyby alebo omyly hne\u010f, ako sa o nich dozvie &#8211; v tejto s\u00favislosti \u010fakujeme za ka\u017ed\u00fa inform\u00e1ciu. Neposkytujeme \u017eiadnu z\u00e1ruku za dostupnos\u0165 alebo prev\u00e1dzku t\u00fdchto webov\u00fdch str\u00e1nok a ich obsahu. Ak\u00e1ko\u013evek zodpovednos\u0165 za priame, nepriame alebo in\u00e9 \u0161kody, bez oh\u013eadu na ich pr\u00ed\u010dinu, vypl\u00fdvaj\u00face z pou\u017e\u00edvania alebo nedostupnosti webovej str\u00e1nky a inform\u00e1ci\u00ed uveden\u00fdch na tejto webovej str\u00e1nke je vyl\u00fa\u010den\u00e1 v rozsahu povolenom z\u00e1konom.  <\/p>\n<p><strong>2 AUTORSK\u00c9 PR\u00c1VO<\/strong><\/p>\n<p>Obsah tejto webovej str\u00e1nky je chr\u00e1nen\u00fd autorsk\u00fdmi pr\u00e1vami. Inform\u00e1cie s\u00fa ur\u010den\u00e9 len na osobn\u00e9 pou\u017eitie. Ak\u00e9ko\u013evek \u010fal\u0161ie pou\u017eitie, najm\u00e4 ukladanie do datab\u00e1z, rozmno\u017eovanie a ak\u00e1ko\u013evek forma komer\u010dn\u00e9ho vyu\u017eitia, ako aj spr\u00edstupnenie tret\u00edm stran\u00e1m &#8211; aj v \u010diasto\u010dnej alebo prepracovanej podobe, najm\u00e4 fotografi\u00ed, ilustr\u00e1ci\u00ed a textov &#8211; je bez s\u00fahlasu prev\u00e1dzkovate\u013ea webovej str\u00e1nky zak\u00e1zan\u00e9.  <\/p>\n<p><strong>3. OCHRANA \u00daDAJOV<\/strong><\/p>\n<p>V\u0161etci pou\u017e\u00edvatelia s\u00fa povinn\u00ed dodr\u017eiava\u0165 z\u00e1kony, najm\u00e4 z\u00e1kon o ochrane osobn\u00fdch \u00fadajov, a v tejto s\u00favislosti od\u0161kodni\u0165 prev\u00e1dzkovate\u013ea tejto webovej str\u00e1nky. Pou\u017e\u00edvanie kontaktn\u00fdch \u00fadajov zverejnen\u00fdch v r\u00e1mci povinnosti odtla\u010dku tret\u00edmi stranami na zasielanie nevy\u017eiadan\u00fdch reklamn\u00fdch a informa\u010dn\u00fdch materi\u00e1lov sa t\u00fdmto v\u00fdslovne zakazuje. Prev\u00e1dzkovate\u013e webovej str\u00e1nky si v\u00fdslovne vyhradzuje pr\u00e1vo podnikn\u00fa\u0165 pr\u00e1vne kroky v pr\u00edpade nevy\u017eiadan\u00e9ho zasielania reklamn\u00fdch inform\u00e1ci\u00ed, ako s\u00fa napr\u00edklad nevy\u017eiadan\u00e9 e-maily. Pokia\u013e sa na webovej str\u00e1nke zhroma\u017e\u010fuj\u00fa osobn\u00e9 \u00fadaje pou\u017e\u00edvate\u013ea (napr. meno, adresa alebo e-mailov\u00e1 adresa), deje sa tak v\u017edy na dobrovo\u013enom z\u00e1klade, pokia\u013e je to mo\u017en\u00e9.   <\/p>\n<p><strong>4. ZODPOVEDNOS\u0164 ZA ODKAZY<\/strong><\/p>\n<p>T\u00e1to webov\u00e1 str\u00e1nka m\u00f4\u017ee obsahova\u0165 odkazy na extern\u00e9 webov\u00e9 str\u00e1nky, ale prev\u00e1dzkovate\u013e webovej str\u00e1nky nem\u00e1 na tieto cie\u013eov\u00e9 str\u00e1nky \u017eiadny vplyv. Preto za tento extern\u00fd obsah nenesie \u017eiadnu zodpovednos\u0165; za tento obsah je v\u017edy zodpovedn\u00fd pr\u00edslu\u0161n\u00fd poskytovate\u013e str\u00e1nok. <\/p>\n<\/div>\n<\/div>\n\t\t\t\t\t\t\t\t<\/div>\n\t\t\t\t<\/div>\n\t\t\t\t\t<\/div>\n\t\t\t\t<\/div>\n\t\t\t\t<\/div>\n\t\t","protected":false},"excerpt":{"rendered":"<p>IMPRINT Szabo Kunststofftechnik GmbH &amp; Co KGF\u00fcnfhaus 67 A-2293 Marchegg Tel.: +43 2285 \/ 72 55 &#8211; 0 Fax: +43 2285 \/ 72 55 &#8211; 10 Mobil: +43 664 392 75 50 \u0160tefan Szabo V\u00fdkonn\u00fd riadite\u013e Tel.: +43 664 392 75 50 UID-NR.: ATU ATU77310278 FN: 564552z Okresn\u00fd s\u00fad G\u00e4nserndorf PODMIENKY POU\u017dITIA Obsah tejto webovej [&hellip;]<\/p>\n","protected":false},"author":1,"featured_media":0,"parent":0,"menu_order":0,"comment_status":"closed","ping_status":"closed","template":"elementor_header_footer","meta":{"footnotes":""},"class_list":["post-1154","page","type-page","status-publish","hentry"],"_links":{"self":[{"href":"https:\/\/szabo.co.at\/sk\/wp-json\/wp\/v2\/pages\/1154","targetHints":{"allow":["GET"]}}],"collection":[{"href":"https:\/\/szabo.co.at\/sk\/wp-json\/wp\/v2\/pages"}],"about":[{"href":"https:\/\/szabo.co.at\/sk\/wp-json\/wp\/v2\/types\/page"}],"author":[{"embeddable":true,"href":"https:\/\/szabo.co.at\/sk\/wp-json\/wp\/v2\/users\/1"}],"replies":[{"embeddable":true,"href":"https:\/\/szabo.co.at\/sk\/wp-json\/wp\/v2\/comments?post=1154"}],"version-history":[{"count":2,"href":"https:\/\/szabo.co.at\/sk\/wp-json\/wp\/v2\/pages\/1154\/revisions"}],"predecessor-version":[{"id":1156,"href":"https:\/\/szabo.co.at\/sk\/wp-json\/wp\/v2\/pages\/1154\/revisions\/1156"}],"wp:attachment":[{"href":"https:\/\/szabo.co.at\/sk\/wp-json\/wp\/v2\/media?parent=1154"}],"curies":[{"name":"wp","href":"https:\/\/api.w.org\/{rel}","templated":true}]}}