{"id":1086,"date":"2024-09-18T11:18:42","date_gmt":"2024-09-18T09:18:42","guid":{"rendered":"https:\/\/szabo.co.at\/sluzby\/"},"modified":"2024-11-29T17:32:45","modified_gmt":"2024-11-29T16:32:45","slug":"sluzby","status":"publish","type":"page","link":"https:\/\/szabo.co.at\/sk\/sluzby\/","title":{"rendered":"Slu\u017eby"},"content":{"rendered":"\t\t<div data-elementor-type=\"wp-page\" data-elementor-id=\"1086\" class=\"elementor elementor-1086 elementor-151\" data-elementor-post-type=\"page\">\n\t\t\t\t<div class=\"elementor-element elementor-element-6972d2e e-flex e-con-boxed e-con e-parent\" data-id=\"6972d2e\" data-element_type=\"container\">\n\t\t\t\t\t<div class=\"e-con-inner\">\n\t\t<div class=\"elementor-element elementor-element-79b066d e-con-full e-flex e-con e-child\" data-id=\"79b066d\" data-element_type=\"container\">\n\t\t<div class=\"elementor-element elementor-element-6fa48ef e-con-full e-flex e-con e-child\" data-id=\"6fa48ef\" data-element_type=\"container\">\n\t\t\t\t<div class=\"elementor-element elementor-element-fbeb65d elementor-widget__width-initial elementor-widget elementor-widget-heading\" data-id=\"fbeb65d\" data-element_type=\"widget\" data-widget_type=\"heading.default\">\n\t\t\t\t<div class=\"elementor-widget-container\">\n\t\t\t\t\t<h2 class=\"elementor-heading-title elementor-size-default\">Na\u0161e slu\u017eby<\/h2>\t\t\t\t<\/div>\n\t\t\t\t<\/div>\n\t\t\t\t<\/div>\n\t\t\t\t<\/div>\n\t\t<div class=\"elementor-element elementor-element-f8dc76d e-con-full e-flex e-con e-child\" data-id=\"f8dc76d\" data-element_type=\"container\">\n\t\t<div class=\"elementor-element elementor-element-542524a e-con-full e-flex e-con e-child\" data-id=\"542524a\" data-element_type=\"container\">\n\t\t\t\t<div class=\"elementor-element elementor-element-ce7186c elementor-cta--skin-cover elementor-widget elementor-widget-call-to-action\" data-id=\"ce7186c\" data-element_type=\"widget\" data-widget_type=\"call-to-action.default\">\n\t\t\t\t<div class=\"elementor-widget-container\">\n\t\t\t\t\t\t\t<div class=\"elementor-cta\">\n\t\t\t\t\t<div class=\"elementor-cta__bg-wrapper\">\n\t\t\t\t<div class=\"elementor-cta__bg elementor-bg\" style=\"background-image: url(https:\/\/szabo.co.at\/wp-content\/uploads\/2024\/11\/35.jpg);\" role=\"img\" aria-label=\"35\"><\/div>\n\t\t\t\t<div class=\"elementor-cta__bg-overlay\"><\/div>\n\t\t\t<\/div>\n\t\t\t\t\t\t\t<div class=\"elementor-cta__content\">\n\t\t\t\t\n\t\t\t\t\t\t\t\t\t<h2 class=\"elementor-cta__title elementor-cta__content-item elementor-content-item\">\n\t\t\t\t\t\tTechnol\u00f3gia plastov\t\t\t\t\t<\/h2>\n\t\t\t\t\n\t\t\t\t\t\t\t\t\t<div class=\"elementor-cta__description elementor-cta__content-item elementor-content-item\">\n\t\t\t\t\t\t<p>V spolo\u010dnosti Szabo Kunststofftechnik v\u00e1m pon\u00fakame komplexn\u00e9 slu\u017eby v oblasti spracovania plastov a v\u00fdvoja v\u00fdrobkov.<\/p>\n\t\t\t\t\t<\/div>\n\t\t\t\t\n\t\t\t\t\t\t\t\t\t<div class=\"elementor-cta__button-wrapper elementor-cta__content-item elementor-content-item \">\n\t\t\t\t\t<a class=\"elementor-cta__button elementor-button elementor-size-\">\n\t\t\t\t\t\tZistite viac\t\t\t\t\t<\/a>\n\t\t\t\t\t<\/div>\n\t\t\t\t\t\t\t<\/div>\n\t\t\t\t\t\t<\/div>\n\t\t\t\t\t\t<\/div>\n\t\t\t\t<\/div>\n\t\t\t\t<\/div>\n\t\t<div class=\"elementor-element elementor-element-7dd137c e-con-full e-flex e-con e-child\" data-id=\"7dd137c\" data-element_type=\"container\">\n\t\t\t\t<div class=\"elementor-element elementor-element-3da8251 elementor-cta--skin-cover elementor-widget elementor-widget-call-to-action\" data-id=\"3da8251\" data-element_type=\"widget\" data-widget_type=\"call-to-action.default\">\n\t\t\t\t<div class=\"elementor-widget-container\">\n\t\t\t\t\t\t\t<div class=\"elementor-cta\">\n\t\t\t\t\t<div class=\"elementor-cta__bg-wrapper\">\n\t\t\t\t<div class=\"elementor-cta__bg elementor-bg\" style=\"background-image: url(https:\/\/szabo.co.at\/wp-content\/uploads\/2024\/11\/szabo-werkzeugbau-1024x683.jpg);\" role=\"img\" aria-label=\"szabo-werkzeugbau\"><\/div>\n\t\t\t\t<div class=\"elementor-cta__bg-overlay\"><\/div>\n\t\t\t<\/div>\n\t\t\t\t\t\t\t<div class=\"elementor-cta__content\">\n\t\t\t\t\n\t\t\t\t\t\t\t\t\t<h2 class=\"elementor-cta__title elementor-cta__content-item elementor-content-item\">\n\t\t\t\t\t\tV\u00fdroba foriem a n\u00e1strojov\t\t\t\t\t<\/h2>\n\t\t\t\t\n\t\t\t\t\t\t\t\t\t<div class=\"elementor-cta__description elementor-cta__content-item elementor-content-item\">\n\t\t\t\t\t\t<p>Spolo\u010dnos\u0165 Szabo Kunststofftechnik v\u00e1m pon\u00faka komplexn\u00e9 slu\u017eby v oblasti kon\u0161trukcie foriem, ktor\u00e9 tvoria z\u00e1klad pre vysokokvalitn\u00e9 a presne l\u00edcuj\u00face plastov\u00e9 diely.<\/p>\n\t\t\t\t\t<\/div>\n\t\t\t\t\n\t\t\t\t\t\t\t\t\t<div class=\"elementor-cta__button-wrapper elementor-cta__content-item elementor-content-item \">\n\t\t\t\t\t<a class=\"elementor-cta__button elementor-button elementor-size-\" href=\"https:\/\/szabo.co.at\/leistungen\/formenbau-werkzeugbau\/\">\n\t\t\t\t\t\tZistite viac\t\t\t\t\t<\/a>\n\t\t\t\t\t<\/div>\n\t\t\t\t\t\t\t<\/div>\n\t\t\t\t\t\t<\/div>\n\t\t\t\t\t\t<\/div>\n\t\t\t\t<\/div>\n\t\t\t\t<\/div>\n\t\t\t\t<\/div>\n\t\t\t\t\t<\/div>\n\t\t\t\t<\/div>\n\t\t\t\t<\/div>\n\t\t","protected":false},"excerpt":{"rendered":"<p>Na\u0161e slu\u017eby Technol\u00f3gia plastov V spolo\u010dnosti Szabo Kunststofftechnik v\u00e1m pon\u00fakame komplexn\u00e9 slu\u017eby v oblasti spracovania plastov a v\u00fdvoja v\u00fdrobkov. Zistite viac V\u00fdroba foriem a n\u00e1strojov Spolo\u010dnos\u0165 Szabo Kunststofftechnik v\u00e1m pon\u00faka komplexn\u00e9 slu\u017eby v oblasti kon\u0161trukcie foriem, ktor\u00e9 tvoria z\u00e1klad pre vysokokvalitn\u00e9 a presne l\u00edcuj\u00face plastov\u00e9 diely. Zistite viac<\/p>\n","protected":false},"author":1,"featured_media":0,"parent":0,"menu_order":0,"comment_status":"closed","ping_status":"closed","template":"elementor_header_footer","meta":{"footnotes":""},"class_list":["post-1086","page","type-page","status-publish","hentry"],"_links":{"self":[{"href":"https:\/\/szabo.co.at\/sk\/wp-json\/wp\/v2\/pages\/1086","targetHints":{"allow":["GET"]}}],"collection":[{"href":"https:\/\/szabo.co.at\/sk\/wp-json\/wp\/v2\/pages"}],"about":[{"href":"https:\/\/szabo.co.at\/sk\/wp-json\/wp\/v2\/types\/page"}],"author":[{"embeddable":true,"href":"https:\/\/szabo.co.at\/sk\/wp-json\/wp\/v2\/users\/1"}],"replies":[{"embeddable":true,"href":"https:\/\/szabo.co.at\/sk\/wp-json\/wp\/v2\/comments?post=1086"}],"version-history":[{"count":2,"href":"https:\/\/szabo.co.at\/sk\/wp-json\/wp\/v2\/pages\/1086\/revisions"}],"predecessor-version":[{"id":1387,"href":"https:\/\/szabo.co.at\/sk\/wp-json\/wp\/v2\/pages\/1086\/revisions\/1387"}],"wp:attachment":[{"href":"https:\/\/szabo.co.at\/sk\/wp-json\/wp\/v2\/media?parent=1086"}],"curies":[{"name":"wp","href":"https:\/\/api.w.org\/{rel}","templated":true}]}}