{"id":1245,"date":"2024-09-18T11:21:24","date_gmt":"2024-09-18T09:21:24","guid":{"rendered":"https:\/\/szabo.co.at\/termekek\/"},"modified":"2024-11-29T17:42:49","modified_gmt":"2024-11-29T16:42:49","slug":"termekek","status":"publish","type":"page","link":"https:\/\/szabo.co.at\/hu\/termekek\/","title":{"rendered":"Term\u00e9kek"},"content":{"rendered":"\t\t<div data-elementor-type=\"wp-page\" data-elementor-id=\"1245\" class=\"elementor elementor-1245 elementor-168\" data-elementor-post-type=\"page\">\n\t\t\t\t<div class=\"elementor-element elementor-element-508bb43 e-flex e-con-boxed e-con e-parent\" data-id=\"508bb43\" data-element_type=\"container\">\n\t\t\t\t\t<div class=\"e-con-inner\">\n\t\t<div class=\"elementor-element elementor-element-8429041 e-con-full e-flex e-con e-child\" data-id=\"8429041\" data-element_type=\"container\">\n\t\t<div class=\"elementor-element elementor-element-b18634c e-con-full e-flex e-con e-child\" data-id=\"b18634c\" data-element_type=\"container\">\n\t\t\t\t<div class=\"elementor-element elementor-element-ba9d251 elementor-widget__width-initial elementor-widget elementor-widget-heading\" data-id=\"ba9d251\" data-element_type=\"widget\" data-widget_type=\"heading.default\">\n\t\t\t\t<div class=\"elementor-widget-container\">\n\t\t\t\t\t<h2 class=\"elementor-heading-title elementor-size-default\">Term\u00e9keink<\/h2>\t\t\t\t<\/div>\n\t\t\t\t<\/div>\n\t\t\t\t<\/div>\n\t\t\t\t<\/div>\n\t\t<div class=\"elementor-element elementor-element-50a68cb e-con-full e-flex e-con e-child\" data-id=\"50a68cb\" data-element_type=\"container\">\n\t\t<div class=\"elementor-element elementor-element-968372f e-con-full e-flex e-con e-child\" data-id=\"968372f\" data-element_type=\"container\">\n\t\t\t\t<div class=\"elementor-element elementor-element-35681be elementor-cta--skin-cover elementor-widget elementor-widget-call-to-action\" data-id=\"35681be\" data-element_type=\"widget\" data-widget_type=\"call-to-action.default\">\n\t\t\t\t<div class=\"elementor-widget-container\">\n\t\t\t\t\t\t\t<div class=\"elementor-cta\">\n\t\t\t\t\t<div class=\"elementor-cta__bg-wrapper\">\n\t\t\t\t<div class=\"elementor-cta__bg elementor-bg\" style=\"background-image: url(https:\/\/szabo.co.at\/wp-content\/uploads\/2024\/11\/5-1.jpg);\" role=\"img\" aria-label=\"5\"><\/div>\n\t\t\t\t<div class=\"elementor-cta__bg-overlay\"><\/div>\n\t\t\t<\/div>\n\t\t\t\t\t\t\t<div class=\"elementor-cta__content\">\n\t\t\t\t\n\t\t\t\t\t\t\t\t\t<h2 class=\"elementor-cta__title elementor-cta__content-item elementor-content-item\">\n\t\t\t\t\t\tL\u00c1NGMENTES\u00cdTETT ALKATR\u00c9SZEK AZ ELEKTROMOS IPAR \u00c9S A MECHATRONIKA SZ\u00c1M\u00c1RA\t\t\t\t\t<\/h2>\n\t\t\t\t\n\t\t\t\t\t\t\t\t\t<div class=\"elementor-cta__description elementor-cta__content-item elementor-content-item\">\n\t\t\t\t\t\t<p>Kiv\u00e1l\u00f3 min\u0151s\u00e9g\u0171 l\u00e1ng\u00e1ll\u00f3 alkatr\u00e9szek a maxim\u00e1lis biztons\u00e1g \u00e9s megb\u00edzhat\u00f3s\u00e1g \u00e9rdek\u00e9ben<\/p>\n\t\t\t\t\t<\/div>\n\t\t\t\t\n\t\t\t\t\t\t\t\t\t<div class=\"elementor-cta__button-wrapper elementor-cta__content-item elementor-content-item \">\n\t\t\t\t\t<a class=\"elementor-cta__button elementor-button elementor-size-\" href=\"https:\/\/szabo.co.at\/hu\/termekek\/egesgatlo-alkatreszek-az-elektromos-ipar-es-a-mechatronika-szamara\/\">\n\t\t\t\t\t\tTudjon meg t\u00f6bbet\t\t\t\t\t<\/a>\n\t\t\t\t\t<\/div>\n\t\t\t\t\t\t\t<\/div>\n\t\t\t\t\t\t<\/div>\n\t\t\t\t\t\t<\/div>\n\t\t\t\t<\/div>\n\t\t\t\t<\/div>\n\t\t<div class=\"elementor-element elementor-element-e8bb6a9 e-con-full e-flex e-con e-child\" data-id=\"e8bb6a9\" data-element_type=\"container\">\n\t\t\t\t<div class=\"elementor-element elementor-element-a119cef elementor-cta--skin-cover elementor-widget elementor-widget-call-to-action\" data-id=\"a119cef\" data-element_type=\"widget\" data-widget_type=\"call-to-action.default\">\n\t\t\t\t<div class=\"elementor-widget-container\">\n\t\t\t\t\t\t\t<div class=\"elementor-cta\">\n\t\t\t\t\t<div class=\"elementor-cta__bg-wrapper\">\n\t\t\t\t<div class=\"elementor-cta__bg elementor-bg\" style=\"background-image: url(https:\/\/szabo.co.at\/wp-content\/uploads\/2024\/11\/4-1.jpg);\" role=\"img\" aria-label=\"4\"><\/div>\n\t\t\t\t<div class=\"elementor-cta__bg-overlay\"><\/div>\n\t\t\t<\/div>\n\t\t\t\t\t\t\t<div class=\"elementor-cta__content\">\n\t\t\t\t\n\t\t\t\t\t\t\t\t\t<h2 class=\"elementor-cta__title elementor-cta__content-item elementor-content-item\">\n\t\t\t\t\t\tL\u00c1THAT\u00d3 R\u00c9SZEK A MINDENNAPI \u00c9LETBEN\t\t\t\t\t<\/h2>\n\t\t\t\t\n\t\t\t\t\t\t\t\t\t<div class=\"elementor-cta__description elementor-cta__content-item elementor-content-item\">\n\t\t\t\t\t\t<p>Kiv\u00e1l\u00f3 min\u0151s\u00e9g\u0171 m\u0171anyag l\u00e1that\u00f3 alkatr\u00e9szek ig\u00e9nyes alkalmaz\u00e1sokhoz<\/p>\n\t\t\t\t\t<\/div>\n\t\t\t\t\n\t\t\t\t\t\t\t\t\t<div class=\"elementor-cta__button-wrapper elementor-cta__content-item elementor-content-item \">\n\t\t\t\t\t<a class=\"elementor-cta__button elementor-button elementor-size-\" href=\"https:\/\/szabo.co.at\/hu\/termekek\/lathato-reszek-a-mindennapi-eletben\/\">\n\t\t\t\t\t\tTudjon meg t\u00f6bbet\t\t\t\t\t<\/a>\n\t\t\t\t\t<\/div>\n\t\t\t\t\t\t\t<\/div>\n\t\t\t\t\t\t<\/div>\n\t\t\t\t\t\t<\/div>\n\t\t\t\t<\/div>\n\t\t\t\t<\/div>\n\t\t<div class=\"elementor-element elementor-element-0e77a6e e-con-full e-flex e-con e-child\" data-id=\"0e77a6e\" data-element_type=\"container\">\n\t\t\t\t<div class=\"elementor-element elementor-element-53b3fec elementor-cta--skin-cover elementor-widget elementor-widget-call-to-action\" data-id=\"53b3fec\" data-element_type=\"widget\" data-widget_type=\"call-to-action.default\">\n\t\t\t\t<div class=\"elementor-widget-container\">\n\t\t\t\t\t\t\t<div class=\"elementor-cta\">\n\t\t\t\t\t<div class=\"elementor-cta__bg-wrapper\">\n\t\t\t\t<div class=\"elementor-cta__bg elementor-bg\" style=\"background-image: url(https:\/\/szabo.co.at\/wp-content\/uploads\/2024\/11\/1-2.jpg);\" role=\"img\" aria-label=\"1\"><\/div>\n\t\t\t\t<div class=\"elementor-cta__bg-overlay\"><\/div>\n\t\t\t<\/div>\n\t\t\t\t\t\t\t<div class=\"elementor-cta__content\">\n\t\t\t\t\n\t\t\t\t\t\t\t\t\t<h2 class=\"elementor-cta__title elementor-cta__content-item elementor-content-item\">\n\t\t\t\t\t\tMIKROFR\u00d6CCS\u00d6NT\u00c9S\t\t\t\t\t<\/h2>\n\t\t\t\t\n\t\t\t\t\t\t\t\t\t<div class=\"elementor-cta__description elementor-cta__content-item elementor-content-item\">\n\t\t\t\t\t\t<p>Nagy pontoss\u00e1g\u00fa m\u0171anyag alkatr\u00e9szek ig\u00e9nyes alkalmaz\u00e1sokhoz<\/p>\n\t\t\t\t\t<\/div>\n\t\t\t\t\n\t\t\t\t\t\t\t\t\t<div class=\"elementor-cta__button-wrapper elementor-cta__content-item elementor-content-item \">\n\t\t\t\t\t<a class=\"elementor-cta__button elementor-button elementor-size-\" href=\"https:\/\/szabo.co.at\/hu\/termekek\/mikrofroeccsoentes\/\">\n\t\t\t\t\t\tTudjon meg t\u00f6bbet\t\t\t\t\t<\/a>\n\t\t\t\t\t<\/div>\n\t\t\t\t\t\t\t<\/div>\n\t\t\t\t\t\t<\/div>\n\t\t\t\t\t\t<\/div>\n\t\t\t\t<\/div>\n\t\t\t\t<\/div>\n\t\t\t\t<\/div>\n\t\t\t\t\t<\/div>\n\t\t\t\t<\/div>\n\t\t\t\t<\/div>\n\t\t","protected":false},"excerpt":{"rendered":"<p>Term\u00e9keink L\u00c1NGMENTES\u00cdTETT ALKATR\u00c9SZEK AZ ELEKTROMOS IPAR \u00c9S A MECHATRONIKA SZ\u00c1M\u00c1RA Kiv\u00e1l\u00f3 min\u0151s\u00e9g\u0171 l\u00e1ng\u00e1ll\u00f3 alkatr\u00e9szek a maxim\u00e1lis biztons\u00e1g \u00e9s megb\u00edzhat\u00f3s\u00e1g \u00e9rdek\u00e9ben Tudjon meg t\u00f6bbet L\u00c1THAT\u00d3 R\u00c9SZEK A MINDENNAPI \u00c9LETBEN Kiv\u00e1l\u00f3 min\u0151s\u00e9g\u0171 m\u0171anyag l\u00e1that\u00f3 alkatr\u00e9szek ig\u00e9nyes alkalmaz\u00e1sokhoz Tudjon meg t\u00f6bbet MIKROFR\u00d6CCS\u00d6NT\u00c9S Nagy pontoss\u00e1g\u00fa m\u0171anyag alkatr\u00e9szek ig\u00e9nyes alkalmaz\u00e1sokhoz Tudjon meg t\u00f6bbet<\/p>\n","protected":false},"author":1,"featured_media":0,"parent":0,"menu_order":0,"comment_status":"closed","ping_status":"closed","template":"elementor_header_footer","meta":{"footnotes":""},"class_list":["post-1245","page","type-page","status-publish","hentry"],"_links":{"self":[{"href":"https:\/\/szabo.co.at\/hu\/wp-json\/wp\/v2\/pages\/1245","targetHints":{"allow":["GET"]}}],"collection":[{"href":"https:\/\/szabo.co.at\/hu\/wp-json\/wp\/v2\/pages"}],"about":[{"href":"https:\/\/szabo.co.at\/hu\/wp-json\/wp\/v2\/types\/page"}],"author":[{"embeddable":true,"href":"https:\/\/szabo.co.at\/hu\/wp-json\/wp\/v2\/users\/1"}],"replies":[{"embeddable":true,"href":"https:\/\/szabo.co.at\/hu\/wp-json\/wp\/v2\/comments?post=1245"}],"version-history":[{"count":6,"href":"https:\/\/szabo.co.at\/hu\/wp-json\/wp\/v2\/pages\/1245\/revisions"}],"predecessor-version":[{"id":1419,"href":"https:\/\/szabo.co.at\/hu\/wp-json\/wp\/v2\/pages\/1245\/revisions\/1419"}],"wp:attachment":[{"href":"https:\/\/szabo.co.at\/hu\/wp-json\/wp\/v2\/media?parent=1245"}],"curies":[{"name":"wp","href":"https:\/\/api.w.org\/{rel}","templated":true}]}}