{"id":1157,"date":"2024-09-18T11:19:14","date_gmt":"2024-09-18T11:19:14","guid":{"rendered":"https:\/\/szabo.co.at\/impresszum\/"},"modified":"2024-11-26T12:53:23","modified_gmt":"2024-11-26T12:53:23","slug":"impresszum","status":"publish","type":"page","link":"https:\/\/szabo.co.at\/hu\/impresszum\/","title":{"rendered":"Impresszum"},"content":{"rendered":"\t\t<div data-elementor-type=\"wp-page\" data-elementor-id=\"1157\" class=\"elementor elementor-1157 elementor-157\" data-elementor-post-type=\"page\">\n\t\t\t\t<div class=\"elementor-element elementor-element-bfd2cd4 e-flex e-con-boxed e-con e-parent\" data-id=\"bfd2cd4\" data-element_type=\"container\" data-settings=\"{&quot;background_background&quot;:&quot;classic&quot;}\">\n\t\t\t\t\t<div class=\"e-con-inner\">\n\t\t\t\t<div class=\"elementor-element elementor-element-4935ce3 elementor-widget elementor-widget-heading\" data-id=\"4935ce3\" data-element_type=\"widget\" data-widget_type=\"heading.default\">\n\t\t\t\t<div class=\"elementor-widget-container\">\n\t\t\t\t\t<h2 class=\"elementor-heading-title elementor-size-default\">IMPRINT<\/h2>\t\t\t\t<\/div>\n\t\t\t\t<\/div>\n\t\t\t\t<div class=\"elementor-element elementor-element-a50fb69 elementor-widget__width-initial elementor-widget elementor-widget-text-editor\" data-id=\"a50fb69\" data-element_type=\"widget\" data-widget_type=\"text-editor.default\">\n\t\t\t\t<div class=\"elementor-widget-container\">\n\t\t\t\t\t\t\t\t\t<div class=\"elementor-element elementor-element-3f7793a elementor-widget elementor-widget-heading\" data-id=\"3f7793a\" data-element_type=\"widget\" data-widget_type=\"heading.default\">\n<div class=\"elementor-widget-container\"><strong><\/p>\n<p><\/strong><\/p>\n<p>S<strong>zabo Kunststofftechnik GmbH &amp; Co KG<\/strong>F\u00fcnfhaus 67 A-2293 Marchegg Tel.: +43 2285 \/ 72 55 &#8211; 0 Fax: +43 2285 \/ 72 55 &#8211; 10 Mobil: +43 664 392 75 50<strong><\/strong><\/div>\n<\/div>\n<div class=\"elementor-element elementor-element-dac5039 elementor-widget elementor-widget-text-editor\" data-id=\"dac5039\" data-element_type=\"widget\" data-widget_type=\"text-editor.default\">\n<div class=\"elementor-widget-container\">\n<p><strong><br \/>Stefan Szabo<\/strong><\/p>\n<p>\u00dcgyvezet\u0151 igazgat\u00f3 Tel.: +43 664 392 75 50<\/p>\n<p>UID-NR.: ATU ATU77310278 FN: 564552z G\u00e4nserndorfi j\u00e1r\u00e1sb\u00edr\u00f3s\u00e1g<\/p>\n<p><img decoding=\"async\" class=\"alignnone size-medium wp-image-146\" src=\"https:\/\/www.szabo.co.at\/wp-content\/uploads\/2021\/09\/wko_logo-300x93.jpeg\" alt=\"\" width=\"150\" height=\"93\"><\/p>\n<\/div>\n<\/div>\n<div class=\"elementor-element elementor-element-06899cb elementor-widget elementor-widget-heading\" data-id=\"06899cb\" data-element_type=\"widget\" data-widget_type=\"heading.default\">\n<div class=\"elementor-widget-container\">\n<p class=\"elementor-heading-title elementor-size-default\"><strong>HASZN\u00c1LATI FELT\u00c9TELEK<\/strong><\/p>\n<\/div>\n<\/div>\n<div class=\"elementor-element elementor-element-a01e642 elementor-widget elementor-widget-text-editor\" data-id=\"a01e642\" data-element_type=\"widget\" data-widget_type=\"text-editor.default\">\n<div class=\"elementor-widget-container\">\n<p>A weboldal tartalma szabadon felhaszn\u00e1lhat\u00f3, \u00e9s kiz\u00e1r\u00f3lag t\u00e1j\u00e9koztat\u00f3 jelleg\u0171. A weboldal haszn\u00e1lata nem eredm\u00e9nyez semmilyen jog\u00fcgyletet a weboldal \u00fczemeltet\u0151je \u00e9s a felhaszn\u00e1l\u00f3k k\u00f6z\u00f6tt. <\/p>\n<p><strong>1. A FELEL\u0150SS\u00c9G KIZ\u00c1R\u00c1SA<\/strong><\/p>\n<p>B\u00e1r az oldalakat a lehet\u0151 legnagyobb gondoss\u00e1ggal k\u00e9sz\u00edtett\u00e9k, a k\u00f6z\u00f6lt inform\u00e1ci\u00f3k felt\u00e9tlen pontoss\u00e1g\u00e1ra, teljess\u00e9g\u00e9re \u00e9s aktualit\u00e1s\u00e1ra nem v\u00e1llalhat\u00f3 garancia.<br \/>A honlap \u00fczemeltet\u0151je igyekszik a hib\u00e1kat vagy t\u00e9ved\u00e9seket kijav\u00edtani, amint azokr\u00f3l tudom\u00e1st szerez &#8211; az ezzel kapcsolatos minden inform\u00e1ci\u00f3t k\u00f6sz\u00f6nettel fogad. A honlap \u00e9s tartalma el\u00e9rhet\u0151s\u00e9g\u00e9re \u00e9s m\u0171k\u00f6d\u00e9s\u00e9re semmilyen garancia nem v\u00e1llalhat\u00f3. A weboldal \u00e9s a weboldalon tal\u00e1lhat\u00f3 inform\u00e1ci\u00f3k haszn\u00e1lat\u00e1b\u00f3l vagy el\u00e9rhetetlens\u00e9g\u00e9b\u0151l ered\u0151 k\u00f6zvetlen, k\u00f6zvetett vagy egy\u00e9b k\u00e1rok\u00e9rt val\u00f3 felel\u0151ss\u00e9get &#8211; f\u00fcggetlen\u00fcl azok ok\u00e1t\u00f3l &#8211; a t\u00f6rv\u00e9ny \u00e1ltal megengedett m\u00e9rt\u00e9kben kiz\u00e1rjuk.  <\/p>\n<p><strong>2 COPYRIGHT<\/strong><\/p>\n<p>A weboldal tartalma szerz\u0151i jogi v\u00e9delem alatt \u00e1ll. Az inform\u00e1ci\u00f3kat kiz\u00e1r\u00f3lag szem\u00e9lyes haszn\u00e1latra sz\u00e1njuk. A weboldal \u00fczemeltet\u0151j\u00e9nek hozz\u00e1j\u00e1rul\u00e1sa n\u00e9lk\u00fcl tilos a tov\u00e1bbi felhaszn\u00e1l\u00e1s, k\u00fcl\u00f6n\u00f6sen az adatb\u00e1zisokban val\u00f3 t\u00e1rol\u00e1s, a sokszoros\u00edt\u00e1s \u00e9s a kereskedelmi felhaszn\u00e1l\u00e1s b\u00e1rmely form\u00e1ja, valamint a harmadik f\u00e9lnek t\u00f6rt\u00e9n\u0151 \u00e1tad\u00e1s &#8211; ak\u00e1r r\u00e9szben vagy \u00e1tdolgozott form\u00e1ban is, k\u00fcl\u00f6n\u00f6sen a f\u00e9nyk\u00e9pek, illusztr\u00e1ci\u00f3k \u00e9s sz\u00f6vegek eset\u00e9ben -.  <\/p>\n<p><strong>3. ADATV\u00c9DELEM<\/strong><\/p>\n<p>Minden felhaszn\u00e1l\u00f3 k\u00f6teles betartani a t\u00f6rv\u00e9nyeket, k\u00fcl\u00f6n\u00f6sen az adatv\u00e9delmi t\u00f6rv\u00e9nyt, \u00e9s k\u00f6teles e tekintetben k\u00e1rtalan\u00edtani \u00e9s mentes\u00edteni a weboldal \u00fczemeltet\u0151j\u00e9t. Az impresszumad\u00e1si k\u00f6telezetts\u00e9g keret\u00e9ben k\u00f6zz\u00e9tett el\u00e9rhet\u0151s\u00e9gi adatok harmadik f\u00e9l \u00e1ltali felhaszn\u00e1l\u00e1sa k\u00e9retlen rekl\u00e1m- \u00e9s t\u00e1j\u00e9koztat\u00f3 anyagok k\u00fcld\u00e9s\u00e9re kifejezetten tilos. A weboldal \u00fczemeltet\u0151je kifejezetten fenntartja mag\u00e1nak a jogot, hogy jogi l\u00e9p\u00e9seket tegyen rekl\u00e1minform\u00e1ci\u00f3k k\u00e9retlen k\u00fcld\u00e9se, p\u00e9ld\u00e1ul spam e-mailek k\u00fcld\u00e9se eset\u00e9n. Amennyiben a weboldalon szem\u00e9lyes felhaszn\u00e1l\u00f3i adatok (pl. n\u00e9v, c\u00edm vagy e-mail c\u00edm) gy\u0171jt\u00e9s\u00e9re ker\u00fcl sor, az &#8211; amennyire lehets\u00e9ges &#8211; mindig \u00f6nk\u00e9ntes alapon t\u00f6rt\u00e9nik.   <\/p>\n<p><strong>4. FELEL\u0150SS\u00c9G A LINKEK\u00c9RT<\/strong><\/p>\n<p>Ez a weboldal tartalmazhat k\u00fcls\u0151 weboldalakra mutat\u00f3 linkeket, de a weboldal \u00fczemeltet\u0151j\u00e9nek nincs befoly\u00e1sa ezekre a c\u00e9loldalakra. Ez\u00e9rt nem v\u00e1llal felel\u0151ss\u00e9get ezek\u00e9rt a k\u00fcls\u0151 tartalmak\u00e9rt; ezek\u00e9rt mindig az oldalak mindenkori szolg\u00e1ltat\u00f3ja a felel\u0151s. <\/p>\n<\/div>\n<\/div>\n\t\t\t\t\t\t\t\t<\/div>\n\t\t\t\t<\/div>\n\t\t\t\t\t<\/div>\n\t\t\t\t<\/div>\n\t\t\t\t<\/div>\n\t\t","protected":false},"excerpt":{"rendered":"<p>IMPRINT Szabo Kunststofftechnik GmbH &amp; Co KGF\u00fcnfhaus 67 A-2293 Marchegg Tel.: +43 2285 \/ 72 55 &#8211; 0 Fax: +43 2285 \/ 72 55 &#8211; 10 Mobil: +43 664 392 75 50 Stefan Szabo \u00dcgyvezet\u0151 igazgat\u00f3 Tel.: +43 664 392 75 50 UID-NR.: ATU ATU77310278 FN: 564552z G\u00e4nserndorfi j\u00e1r\u00e1sb\u00edr\u00f3s\u00e1g HASZN\u00c1LATI FELT\u00c9TELEK A weboldal tartalma szabadon [&hellip;]<\/p>\n","protected":false},"author":1,"featured_media":0,"parent":0,"menu_order":0,"comment_status":"closed","ping_status":"closed","template":"elementor_header_footer","meta":{"footnotes":""},"class_list":["post-1157","page","type-page","status-publish","hentry"],"_links":{"self":[{"href":"https:\/\/szabo.co.at\/hu\/wp-json\/wp\/v2\/pages\/1157","targetHints":{"allow":["GET"]}}],"collection":[{"href":"https:\/\/szabo.co.at\/hu\/wp-json\/wp\/v2\/pages"}],"about":[{"href":"https:\/\/szabo.co.at\/hu\/wp-json\/wp\/v2\/types\/page"}],"author":[{"embeddable":true,"href":"https:\/\/szabo.co.at\/hu\/wp-json\/wp\/v2\/users\/1"}],"replies":[{"embeddable":true,"href":"https:\/\/szabo.co.at\/hu\/wp-json\/wp\/v2\/comments?post=1157"}],"version-history":[{"count":2,"href":"https:\/\/szabo.co.at\/hu\/wp-json\/wp\/v2\/pages\/1157\/revisions"}],"predecessor-version":[{"id":1159,"href":"https:\/\/szabo.co.at\/hu\/wp-json\/wp\/v2\/pages\/1157\/revisions\/1159"}],"wp:attachment":[{"href":"https:\/\/szabo.co.at\/hu\/wp-json\/wp\/v2\/media?parent=1157"}],"curies":[{"name":"wp","href":"https:\/\/api.w.org\/{rel}","templated":true}]}}