{"id":1088,"date":"2024-09-18T11:18:42","date_gmt":"2024-09-18T09:18:42","guid":{"rendered":"https:\/\/szabo.co.at\/szolgaltatasok\/"},"modified":"2024-11-29T17:32:45","modified_gmt":"2024-11-29T16:32:45","slug":"szolgaltatasok","status":"publish","type":"page","link":"https:\/\/szabo.co.at\/hu\/szolgaltatasok\/","title":{"rendered":"Szolg\u00e1ltat\u00e1sok"},"content":{"rendered":"\t\t<div data-elementor-type=\"wp-page\" data-elementor-id=\"1088\" class=\"elementor elementor-1088 elementor-151\" data-elementor-post-type=\"page\">\n\t\t\t\t<div class=\"elementor-element elementor-element-6972d2e e-flex e-con-boxed e-con e-parent\" data-id=\"6972d2e\" data-element_type=\"container\">\n\t\t\t\t\t<div class=\"e-con-inner\">\n\t\t<div class=\"elementor-element elementor-element-79b066d e-con-full e-flex e-con e-child\" data-id=\"79b066d\" data-element_type=\"container\">\n\t\t<div class=\"elementor-element elementor-element-6fa48ef e-con-full e-flex e-con e-child\" data-id=\"6fa48ef\" data-element_type=\"container\">\n\t\t\t\t<div class=\"elementor-element elementor-element-fbeb65d elementor-widget__width-initial elementor-widget elementor-widget-heading\" data-id=\"fbeb65d\" data-element_type=\"widget\" data-widget_type=\"heading.default\">\n\t\t\t\t<div class=\"elementor-widget-container\">\n\t\t\t\t\t<h2 class=\"elementor-heading-title elementor-size-default\">Szolg\u00e1ltat\u00e1saink<\/h2>\t\t\t\t<\/div>\n\t\t\t\t<\/div>\n\t\t\t\t<\/div>\n\t\t\t\t<\/div>\n\t\t<div class=\"elementor-element elementor-element-f8dc76d e-con-full e-flex e-con e-child\" data-id=\"f8dc76d\" data-element_type=\"container\">\n\t\t<div class=\"elementor-element elementor-element-542524a e-con-full e-flex e-con e-child\" data-id=\"542524a\" data-element_type=\"container\">\n\t\t\t\t<div class=\"elementor-element elementor-element-ce7186c elementor-cta--skin-cover elementor-widget elementor-widget-call-to-action\" data-id=\"ce7186c\" data-element_type=\"widget\" data-widget_type=\"call-to-action.default\">\n\t\t\t\t<div class=\"elementor-widget-container\">\n\t\t\t\t\t\t\t<div class=\"elementor-cta\">\n\t\t\t\t\t<div class=\"elementor-cta__bg-wrapper\">\n\t\t\t\t<div class=\"elementor-cta__bg elementor-bg\" style=\"background-image: url(https:\/\/szabo.co.at\/wp-content\/uploads\/2024\/11\/35.jpg);\" role=\"img\" aria-label=\"35\"><\/div>\n\t\t\t\t<div class=\"elementor-cta__bg-overlay\"><\/div>\n\t\t\t<\/div>\n\t\t\t\t\t\t\t<div class=\"elementor-cta__content\">\n\t\t\t\t\n\t\t\t\t\t\t\t\t\t<h2 class=\"elementor-cta__title elementor-cta__content-item elementor-content-item\">\n\t\t\t\t\t\tM\u0171anyagtechnol\u00f3gia\t\t\t\t\t<\/h2>\n\t\t\t\t\n\t\t\t\t\t\t\t\t\t<div class=\"elementor-cta__description elementor-cta__content-item elementor-content-item\">\n\t\t\t\t\t\t<p>A Szabo Kunststofftechnik-n\u00e9l a m\u0171anyag-feldolgoz\u00e1s \u00e9s a term\u00e9kfejleszt\u00e9s ter\u00fclet\u00e9n \u00e1tfog\u00f3 szolg\u00e1ltat\u00e1si palett\u00e1t k\u00edn\u00e1lunk \u00d6nnek.<\/p>\n\t\t\t\t\t<\/div>\n\t\t\t\t\n\t\t\t\t\t\t\t\t\t<div class=\"elementor-cta__button-wrapper elementor-cta__content-item elementor-content-item \">\n\t\t\t\t\t<a class=\"elementor-cta__button elementor-button elementor-size-\">\n\t\t\t\t\t\tTudjon meg t\u00f6bbet\t\t\t\t\t<\/a>\n\t\t\t\t\t<\/div>\n\t\t\t\t\t\t\t<\/div>\n\t\t\t\t\t\t<\/div>\n\t\t\t\t\t\t<\/div>\n\t\t\t\t<\/div>\n\t\t\t\t<\/div>\n\t\t<div class=\"elementor-element elementor-element-7dd137c e-con-full e-flex e-con e-child\" data-id=\"7dd137c\" data-element_type=\"container\">\n\t\t\t\t<div class=\"elementor-element elementor-element-3da8251 elementor-cta--skin-cover elementor-widget elementor-widget-call-to-action\" data-id=\"3da8251\" data-element_type=\"widget\" data-widget_type=\"call-to-action.default\">\n\t\t\t\t<div class=\"elementor-widget-container\">\n\t\t\t\t\t\t\t<div class=\"elementor-cta\">\n\t\t\t\t\t<div class=\"elementor-cta__bg-wrapper\">\n\t\t\t\t<div class=\"elementor-cta__bg elementor-bg\" style=\"background-image: url(https:\/\/szabo.co.at\/wp-content\/uploads\/2024\/11\/szabo-werkzeugbau-1024x683.jpg);\" role=\"img\" aria-label=\"szabo-werkzeugbau\"><\/div>\n\t\t\t\t<div class=\"elementor-cta__bg-overlay\"><\/div>\n\t\t\t<\/div>\n\t\t\t\t\t\t\t<div class=\"elementor-cta__content\">\n\t\t\t\t\n\t\t\t\t\t\t\t\t\t<h2 class=\"elementor-cta__title elementor-cta__content-item elementor-content-item\">\n\t\t\t\t\t\tForm\u00e1k \u00e9s szersz\u00e1mok gy\u00e1rt\u00e1sa\t\t\t\t\t<\/h2>\n\t\t\t\t\n\t\t\t\t\t\t\t\t\t<div class=\"elementor-cta__description elementor-cta__content-item elementor-content-item\">\n\t\t\t\t\t\t<p>A Szabo Kunststofftechnik \u00e1tfog\u00f3 szolg\u00e1ltat\u00e1sokat k\u00edn\u00e1l \u00d6nnek a szersz\u00e1mgy\u00e1rt\u00e1s ter\u00fclet\u00e9n, amelyek a kiv\u00e1l\u00f3 min\u0151s\u00e9g\u0171 \u00e9s pontosan illeszked\u0151 m\u0171anyag alkatr\u00e9szek alapj\u00e1t k\u00e9pezik.<\/p>\n\t\t\t\t\t<\/div>\n\t\t\t\t\n\t\t\t\t\t\t\t\t\t<div class=\"elementor-cta__button-wrapper elementor-cta__content-item elementor-content-item \">\n\t\t\t\t\t<a class=\"elementor-cta__button elementor-button elementor-size-\" href=\"https:\/\/szabo.co.at\/leistungen\/formenbau-werkzeugbau\/\">\n\t\t\t\t\t\tTudjon meg t\u00f6bbet\t\t\t\t\t<\/a>\n\t\t\t\t\t<\/div>\n\t\t\t\t\t\t\t<\/div>\n\t\t\t\t\t\t<\/div>\n\t\t\t\t\t\t<\/div>\n\t\t\t\t<\/div>\n\t\t\t\t<\/div>\n\t\t\t\t<\/div>\n\t\t\t\t\t<\/div>\n\t\t\t\t<\/div>\n\t\t\t\t<\/div>\n\t\t","protected":false},"excerpt":{"rendered":"<p>Szolg\u00e1ltat\u00e1saink M\u0171anyagtechnol\u00f3gia A Szabo Kunststofftechnik-n\u00e9l a m\u0171anyag-feldolgoz\u00e1s \u00e9s a term\u00e9kfejleszt\u00e9s ter\u00fclet\u00e9n \u00e1tfog\u00f3 szolg\u00e1ltat\u00e1si palett\u00e1t k\u00edn\u00e1lunk \u00d6nnek. Tudjon meg t\u00f6bbet Form\u00e1k \u00e9s szersz\u00e1mok gy\u00e1rt\u00e1sa A Szabo Kunststofftechnik \u00e1tfog\u00f3 szolg\u00e1ltat\u00e1sokat k\u00edn\u00e1l \u00d6nnek a szersz\u00e1mgy\u00e1rt\u00e1s ter\u00fclet\u00e9n, amelyek a kiv\u00e1l\u00f3 min\u0151s\u00e9g\u0171 \u00e9s pontosan illeszked\u0151 m\u0171anyag alkatr\u00e9szek alapj\u00e1t k\u00e9pezik. Tudjon meg t\u00f6bbet<\/p>\n","protected":false},"author":1,"featured_media":0,"parent":0,"menu_order":0,"comment_status":"closed","ping_status":"closed","template":"elementor_header_footer","meta":{"footnotes":""},"class_list":["post-1088","page","type-page","status-publish","hentry"],"_links":{"self":[{"href":"https:\/\/szabo.co.at\/hu\/wp-json\/wp\/v2\/pages\/1088","targetHints":{"allow":["GET"]}}],"collection":[{"href":"https:\/\/szabo.co.at\/hu\/wp-json\/wp\/v2\/pages"}],"about":[{"href":"https:\/\/szabo.co.at\/hu\/wp-json\/wp\/v2\/types\/page"}],"author":[{"embeddable":true,"href":"https:\/\/szabo.co.at\/hu\/wp-json\/wp\/v2\/users\/1"}],"replies":[{"embeddable":true,"href":"https:\/\/szabo.co.at\/hu\/wp-json\/wp\/v2\/comments?post=1088"}],"version-history":[{"count":2,"href":"https:\/\/szabo.co.at\/hu\/wp-json\/wp\/v2\/pages\/1088\/revisions"}],"predecessor-version":[{"id":1388,"href":"https:\/\/szabo.co.at\/hu\/wp-json\/wp\/v2\/pages\/1088\/revisions\/1388"}],"wp:attachment":[{"href":"https:\/\/szabo.co.at\/hu\/wp-json\/wp\/v2\/media?parent=1088"}],"curies":[{"name":"wp","href":"https:\/\/api.w.org\/{rel}","templated":true}]}}