{"id":1139,"date":"2024-09-18T11:19:24","date_gmt":"2024-09-18T11:19:24","guid":{"rendered":"https:\/\/szabo.co.at\/protection-des-donnees\/"},"modified":"2024-11-26T12:53:13","modified_gmt":"2024-11-26T12:53:13","slug":"protection-des-donnees","status":"publish","type":"page","link":"https:\/\/szabo.co.at\/fr\/protection-des-donnees\/","title":{"rendered":"Protection des donn\u00e9es"},"content":{"rendered":"\t\t<div data-elementor-type=\"wp-page\" data-elementor-id=\"1139\" class=\"elementor elementor-1139 elementor-159\" data-elementor-post-type=\"page\">\n\t\t\t\t<div class=\"elementor-element elementor-element-6233a5e e-flex e-con-boxed e-con e-parent\" data-id=\"6233a5e\" data-element_type=\"container\" data-settings=\"{&quot;background_background&quot;:&quot;classic&quot;}\">\n\t\t\t\t\t<div class=\"e-con-inner\">\n\t\t\t\t<div class=\"elementor-element elementor-element-ad788a5 elementor-widget elementor-widget-heading\" data-id=\"ad788a5\" data-element_type=\"widget\" data-widget_type=\"heading.default\">\n\t\t\t\t<div class=\"elementor-widget-container\">\n\t\t\t\t\t<h2 class=\"elementor-heading-title elementor-size-default\">Protection des donn\u00e9es<\/h2>\t\t\t\t<\/div>\n\t\t\t\t<\/div>\n\t\t\t\t<div class=\"elementor-element elementor-element-1eb0f9a elementor-widget__width-initial elementor-widget elementor-widget-text-editor\" data-id=\"1eb0f9a\" data-element_type=\"widget\" data-widget_type=\"text-editor.default\">\n\t\t\t\t<div class=\"elementor-widget-container\">\n\t\t\t\t\t\t\t\t\t<div class=\"elementor-element elementor-element-3f7793a elementor-widget elementor-widget-heading\" data-id=\"3f7793a\" data-element_type=\"widget\" data-widget_type=\"heading.default\">\n<div class=\"elementor-widget-container\"><strong>Szabo Kunststofftechnik GmbH &amp; Co KG<\/p>\n<p><\/strong>F\u00fcnfhaus 67<br \/>A-2293 Marchegg<br \/>T\u00e9l. : +43 2285 \/ 72 55 &#8211; 0<br \/>Fax : +43 2285 \/ 72 55 &#8211; 10<br \/>Portable : +43 664 392 75 50<\/div>\n<\/div>\n<div class=\"elementor-element elementor-element-dac5039 elementor-widget elementor-widget-text-editor\" data-id=\"dac5039\" data-element_type=\"widget\" data-widget_type=\"text-editor.default\">\n<div class=\"elementor-widget-container\">\n<p><strong><br \/>Stefan Szabo<\/strong><\/p>\n<p>Directeur g\u00e9n\u00e9ral<br \/>T\u00e9l. : +43 664 392 75 50<\/p>\n<p>N\u00b0 d&rsquo;identification fiscale : ATU ATU77310278<br \/>FN : 564552z Tribunal de district de G\u00e4nserndorf<\/p>\n<p><img decoding=\"async\" class=\"alignnone size-medium wp-image-146\" src=\"https:\/\/www.szabo.co.at\/wp-content\/uploads\/2021\/09\/wko_logo-300x93.jpeg\" alt=\"\" width=\"150\" height=\"93\"><\/p>\n<\/div>\n<\/div>\n<div class=\"elementor-element elementor-element-06899cb elementor-widget elementor-widget-heading\" data-id=\"06899cb\" data-element_type=\"widget\" data-widget_type=\"heading.default\">\n<div class=\"elementor-widget-container\">\n<p class=\"elementor-heading-title elementor-size-default\"><strong>CONDITIONS D&rsquo;UTILISATION<\/strong><\/p>\n<\/div>\n<\/div>\n<div class=\"elementor-element elementor-element-a01e642 elementor-widget elementor-widget-text-editor\" data-id=\"a01e642\" data-element_type=\"widget\" data-widget_type=\"text-editor.default\">\n<div class=\"elementor-widget-container\">\n<p>Le contenu de ce site web est librement utilisable et sert exclusivement \u00e0 l&rsquo;information. L&rsquo;utilisation du site web ne donne lieu \u00e0 aucune transaction juridique entre l&rsquo;exploitant du site web et les utilisateurs. <\/p>\n<p><strong>1. EXCLUSION DE RESPONSABILIT\u00c9<\/strong><\/p>\n<p>Bien que les pages aient \u00e9t\u00e9 r\u00e9dig\u00e9es avec le plus grand soin, aucune garantie ne peut \u00eatre donn\u00e9e quant \u00e0 l&rsquo;exactitude, l&rsquo;exhaustivit\u00e9 et l&rsquo;actualit\u00e9 des informations mises \u00e0 disposition. L&rsquo;exploitant du site web s&rsquo;efforce de corriger les erreurs ou les fautes d\u00e8s qu&rsquo;il en a connaissance &#8211; merci de nous le signaler.<br \/>Aucune garantie n&rsquo;est non plus donn\u00e9e quant \u00e0 la disponibilit\u00e9 ou au fonctionnement du pr\u00e9sent site web et de son contenu. Toute responsabilit\u00e9 pour des dommages directs, indirects ou autres, quelle qu&rsquo;en soit la cause, r\u00e9sultant de l&rsquo;utilisation ou de la non-disponibilit\u00e9 du site web ainsi que des informations mises \u00e0 disposition sur ce site, est exclue dans la mesure o\u00f9 la loi le permet.  <\/p>\n<p><strong>2. COPYRIGHT<\/strong><\/p>\n<p>Le contenu de ce site web est prot\u00e9g\u00e9 par les droits d&rsquo;auteur. Les informations sont uniquement destin\u00e9es \u00e0 un usage personnel. Toute autre utilisation, en particulier l&rsquo;enregistrement dans des bases de donn\u00e9es, la reproduction et toute forme d&rsquo;utilisation commerciale, ainsi que la transmission \u00e0 des tiers &#8211; m\u00eame en partie ou sous une forme remani\u00e9e, en particulier des photos, des illustrations et des textes &#8211; sans l&rsquo;accord de l&rsquo;exploitant du site web est interdite.  <\/p>\n<p><strong>3. PROTECTION DES DONN\u00c9ES<\/strong><\/p>\n<p>Tous les utilisateurs sont tenus de respecter les lois, en particulier la loi sur la protection des donn\u00e9es, et d&rsquo;indemniser et de d\u00e9fendre l&rsquo;exploitant de ce site web \u00e0 cet \u00e9gard. L&rsquo;utilisation par des tiers des donn\u00e9es de contact publi\u00e9es dans le cadre des mentions l\u00e9gales obligatoires pour l&rsquo;envoi de publicit\u00e9 et de mat\u00e9riel d&rsquo;information non express\u00e9ment demand\u00e9s est ici explicitement interdite. L&rsquo;exploitant du site web se r\u00e9serve express\u00e9ment le droit d&rsquo;engager des poursuites judiciaires en cas d&rsquo;envoi non sollicit\u00e9 d&rsquo;informations publicitaires, par exemple par le biais de spams. Les donn\u00e9es personnelles des utilisateurs (par exemple, nom, adresse ou adresse e-mail) collect\u00e9es sur le site Internet le sont toujours, dans la mesure du possible, sur une base volontaire.   <\/p>\n<p><strong>4. RESPONSABILIT\u00c9 POUR LES LIENS<\/strong><\/p>\n<p>Ce site web peut contenir des liens vers des sites web externes, mais l&rsquo;exploitant du site web n&rsquo;a aucune influence sur ces sites cibles. Par cons\u00e9quent, aucune garantie n&rsquo;est donn\u00e9e pour ces contenus externes, qui rel\u00e8vent toujours de la responsabilit\u00e9 du fournisseur de ces pages. <\/p>\n<\/div>\n<\/div>\n\t\t\t\t\t\t\t\t<\/div>\n\t\t\t\t<\/div>\n\t\t\t\t\t<\/div>\n\t\t\t\t<\/div>\n\t\t\t\t<\/div>\n\t\t","protected":false},"excerpt":{"rendered":"<p>Protection des donn\u00e9es Szabo Kunststofftechnik GmbH &amp; Co KG F\u00fcnfhaus 67A-2293 MarcheggT\u00e9l. : +43 2285 \/ 72 55 &#8211; 0Fax : +43 2285 \/ 72 55 &#8211; 10Portable : +43 664 392 75 50 Stefan Szabo Directeur g\u00e9n\u00e9ralT\u00e9l. : +43 664 392 75 50 N\u00b0 d&rsquo;identification fiscale : ATU ATU77310278FN : 564552z Tribunal de district [&hellip;]<\/p>\n","protected":false},"author":1,"featured_media":0,"parent":0,"menu_order":0,"comment_status":"closed","ping_status":"closed","template":"elementor_header_footer","meta":{"footnotes":""},"class_list":["post-1139","page","type-page","status-publish","hentry"],"_links":{"self":[{"href":"https:\/\/szabo.co.at\/fr\/wp-json\/wp\/v2\/pages\/1139","targetHints":{"allow":["GET"]}}],"collection":[{"href":"https:\/\/szabo.co.at\/fr\/wp-json\/wp\/v2\/pages"}],"about":[{"href":"https:\/\/szabo.co.at\/fr\/wp-json\/wp\/v2\/types\/page"}],"author":[{"embeddable":true,"href":"https:\/\/szabo.co.at\/fr\/wp-json\/wp\/v2\/users\/1"}],"replies":[{"embeddable":true,"href":"https:\/\/szabo.co.at\/fr\/wp-json\/wp\/v2\/comments?post=1139"}],"version-history":[{"count":2,"href":"https:\/\/szabo.co.at\/fr\/wp-json\/wp\/v2\/pages\/1139\/revisions"}],"predecessor-version":[{"id":1141,"href":"https:\/\/szabo.co.at\/fr\/wp-json\/wp\/v2\/pages\/1139\/revisions\/1141"}],"wp:attachment":[{"href":"https:\/\/szabo.co.at\/fr\/wp-json\/wp\/v2\/media?parent=1139"}],"curies":[{"name":"wp","href":"https:\/\/api.w.org\/{rel}","templated":true}]}}